{"id":680,"date":"2025-02-05T10:25:46","date_gmt":"2025-02-05T09:25:46","guid":{"rendered":"http:\/\/avkemzw.cluster031.hosting.ovh.net\/music\/?page_id=680"},"modified":"2025-04-17T16:12:24","modified_gmt":"2025-04-17T14:12:24","slug":"patio","status":"publish","type":"page","link":"https:\/\/hotelamourparis.fr\/en\/hotel-grand-amour\/espaces-privatisables\/patio\/","title":{"rendered":"Patio"},"content":{"rendered":"","protected":false},"excerpt":{"rendered":"","protected":false},"author":1,"featured_media":650,"parent":661,"menu_order":1,"comment_status":"closed","ping_status":"closed","template":"","meta":{"_acf_changed":false,"inline_featured_image":false,"footnotes":""},"class_list":["post-680","page","type-page","status-publish","has-post-thumbnail","hentry"],"acf":[],"yoast_head":"<!-- This site is optimized with the Yoast SEO plugin v25.3 - https:\/\/yoast.com\/wordpress\/plugins\/seo\/ -->\n<title>Le Patio - Amour H\u00f4tels<\/title>\n<meta name=\"description\" content=\"Le Patio\" \/>\n<meta name=\"robots\" content=\"index, follow, max-snippet:-1, max-image-preview:large, max-video-preview:-1\" \/>\n<link rel=\"canonical\" href=\"https:\/\/hotelamourparis.fr\/en\/hotel-grand-amour\/espaces-privatisables\/patio\/\" \/>\n<meta property=\"og:locale\" content=\"en_US\" \/>\n<meta property=\"og:type\" content=\"article\" \/>\n<meta property=\"og:title\" content=\"Le Patio - Amour H\u00f4tels\" \/>\n<meta property=\"og:description\" content=\"Le Patio\" \/>\n<meta property=\"og:url\" content=\"https:\/\/hotelamourparis.fr\/en\/hotel-grand-amour\/espaces-privatisables\/patio\/\" \/>\n<meta property=\"og:site_name\" content=\"Amour H\u00f4tels\" \/>\n<meta property=\"article:modified_time\" content=\"2025-04-17T14:12:24+00:00\" \/>\n<meta property=\"og:image\" content=\"https:\/\/www.hotelamourparis.fr\/wp-content\/uploads\/2025\/02\/Capture-decran-2025-02-04-a-11.42.55.jpg\" \/>\n\t<meta property=\"og:image:width\" content=\"1000\" \/>\n\t<meta property=\"og:image:height\" content=\"666\" \/>\n\t<meta property=\"og:image:type\" content=\"image\/jpeg\" \/>\n<meta name=\"twitter:card\" content=\"summary_large_image\" \/>\n<meta name=\"twitter:label1\" content=\"Est. reading time\" \/>\n\t<meta name=\"twitter:data1\" content=\"1 minute\" \/>\n<script type=\"application\/ld+json\" class=\"yoast-schema-graph\">{\"@context\":\"https:\/\/schema.org\",\"@graph\":[{\"@type\":\"WebPage\",\"@id\":\"https:\/\/hotelamourparis.fr\/hotel-grand-amour\/espaces-privatisables\/patio\/\",\"url\":\"https:\/\/hotelamourparis.fr\/hotel-grand-amour\/espaces-privatisables\/patio\/\",\"name\":\"Le Patio - Amour H\u00f4tels\",\"isPartOf\":{\"@id\":\"https:\/\/hotelamourparis.fr\/en\/#website\"},\"primaryImageOfPage\":{\"@id\":\"https:\/\/hotelamourparis.fr\/hotel-grand-amour\/espaces-privatisables\/patio\/#primaryimage\"},\"image\":{\"@id\":\"https:\/\/hotelamourparis.fr\/hotel-grand-amour\/espaces-privatisables\/patio\/#primaryimage\"},\"thumbnailUrl\":\"https:\/\/hotelamourparis.fr\/wp-content\/uploads\/2025\/02\/Capture-decran-2025-02-04-a-11.42.55.jpg\",\"datePublished\":\"2025-02-05T09:25:46+00:00\",\"dateModified\":\"2025-04-17T14:12:24+00:00\",\"description\":\"Le Patio\",\"breadcrumb\":{\"@id\":\"https:\/\/hotelamourparis.fr\/hotel-grand-amour\/espaces-privatisables\/patio\/#breadcrumb\"},\"inLanguage\":\"en-US\",\"potentialAction\":[{\"@type\":\"ReadAction\",\"target\":[\"https:\/\/hotelamourparis.fr\/hotel-grand-amour\/espaces-privatisables\/patio\/\"]}]},{\"@type\":\"ImageObject\",\"inLanguage\":\"en-US\",\"@id\":\"https:\/\/hotelamourparis.fr\/hotel-grand-amour\/espaces-privatisables\/patio\/#primaryimage\",\"url\":\"https:\/\/hotelamourparis.fr\/wp-content\/uploads\/2025\/02\/Capture-decran-2025-02-04-a-11.42.55.jpg\",\"contentUrl\":\"https:\/\/hotelamourparis.fr\/wp-content\/uploads\/2025\/02\/Capture-decran-2025-02-04-a-11.42.55.jpg\",\"width\":1000,\"height\":666,\"caption\":\"Screenshot\"},{\"@type\":\"BreadcrumbList\",\"@id\":\"https:\/\/hotelamourparis.fr\/hotel-grand-amour\/espaces-privatisables\/patio\/#breadcrumb\",\"itemListElement\":[{\"@type\":\"ListItem\",\"position\":1,\"name\":\"Accueil\",\"item\":\"https:\/\/hotelamourparis.fr\/\"},{\"@type\":\"ListItem\",\"position\":2,\"name\":\"H\u00f4tel Grand Amour\",\"item\":\"https:\/\/hotelamourparis.fr\/hotel-grand-amour\/\"},{\"@type\":\"ListItem\",\"position\":3,\"name\":\"Espaces privatisables\",\"item\":\"https:\/\/hotelamourparis.fr\/hotel-grand-amour\/espaces-privatisables\/\"},{\"@type\":\"ListItem\",\"position\":4,\"name\":\"Le Patio\"}]},{\"@type\":\"WebSite\",\"@id\":\"https:\/\/hotelamourparis.fr\/en\/#website\",\"url\":\"https:\/\/hotelamourparis.fr\/en\/\",\"name\":\"Amour H\u00f4tels - H\u00f4tels \u00e0 Paris et Nice\",\"description\":\"\",\"publisher\":{\"@id\":\"https:\/\/hotelamourparis.fr\/en\/#organization\"},\"potentialAction\":[{\"@type\":\"SearchAction\",\"target\":{\"@type\":\"EntryPoint\",\"urlTemplate\":\"https:\/\/hotelamourparis.fr\/en\/?s={search_term_string}\"},\"query-input\":{\"@type\":\"PropertyValueSpecification\",\"valueRequired\":true,\"valueName\":\"search_term_string\"}}],\"inLanguage\":\"en-US\"},{\"@type\":\"Organization\",\"@id\":\"https:\/\/hotelamourparis.fr\/en\/#organization\",\"name\":\"Amour H\u00f4tels\",\"url\":\"https:\/\/hotelamourparis.fr\/en\/\",\"logo\":{\"@type\":\"ImageObject\",\"inLanguage\":\"en-US\",\"@id\":\"https:\/\/hotelamourparis.fr\/en\/#\/schema\/logo\/image\/\",\"url\":\"https:\/\/hotelamourparis.fr\/wp-content\/uploads\/2025\/01\/Logo-hotel-amour-1.svg\",\"contentUrl\":\"https:\/\/hotelamourparis.fr\/wp-content\/uploads\/2025\/01\/Logo-hotel-amour-1.svg\",\"width\":160,\"height\":112,\"caption\":\"Amour H\u00f4tels\"},\"image\":{\"@id\":\"https:\/\/hotelamourparis.fr\/en\/#\/schema\/logo\/image\/\"}}]}<\/script>\n<!-- \/ Yoast SEO plugin. -->","yoast_head_json":{"title":"Le Patio - Amour H\u00f4tels","description":"Le Patio","robots":{"index":"index","follow":"follow","max-snippet":"max-snippet:-1","max-image-preview":"max-image-preview:large","max-video-preview":"max-video-preview:-1"},"canonical":"https:\/\/hotelamourparis.fr\/en\/hotel-grand-amour\/espaces-privatisables\/patio\/","og_locale":"en_US","og_type":"article","og_title":"Le Patio - Amour H\u00f4tels","og_description":"Le Patio","og_url":"https:\/\/hotelamourparis.fr\/en\/hotel-grand-amour\/espaces-privatisables\/patio\/","og_site_name":"Amour H\u00f4tels","article_modified_time":"2025-04-17T14:12:24+00:00","og_image":[{"width":1000,"height":666,"url":"https:\/\/www.hotelamourparis.fr\/wp-content\/uploads\/2025\/02\/Capture-decran-2025-02-04-a-11.42.55.jpg","type":"image\/jpeg"}],"twitter_card":"summary_large_image","twitter_misc":{"Est. reading time":"1 minute"},"schema":{"@context":"https:\/\/schema.org","@graph":[{"@type":"WebPage","@id":"https:\/\/hotelamourparis.fr\/hotel-grand-amour\/espaces-privatisables\/patio\/","url":"https:\/\/hotelamourparis.fr\/hotel-grand-amour\/espaces-privatisables\/patio\/","name":"Le Patio - Amour H\u00f4tels","isPartOf":{"@id":"https:\/\/hotelamourparis.fr\/en\/#website"},"primaryImageOfPage":{"@id":"https:\/\/hotelamourparis.fr\/hotel-grand-amour\/espaces-privatisables\/patio\/#primaryimage"},"image":{"@id":"https:\/\/hotelamourparis.fr\/hotel-grand-amour\/espaces-privatisables\/patio\/#primaryimage"},"thumbnailUrl":"https:\/\/hotelamourparis.fr\/wp-content\/uploads\/2025\/02\/Capture-decran-2025-02-04-a-11.42.55.jpg","datePublished":"2025-02-05T09:25:46+00:00","dateModified":"2025-04-17T14:12:24+00:00","description":"Le Patio","breadcrumb":{"@id":"https:\/\/hotelamourparis.fr\/hotel-grand-amour\/espaces-privatisables\/patio\/#breadcrumb"},"inLanguage":"en-US","potentialAction":[{"@type":"ReadAction","target":["https:\/\/hotelamourparis.fr\/hotel-grand-amour\/espaces-privatisables\/patio\/"]}]},{"@type":"ImageObject","inLanguage":"en-US","@id":"https:\/\/hotelamourparis.fr\/hotel-grand-amour\/espaces-privatisables\/patio\/#primaryimage","url":"https:\/\/hotelamourparis.fr\/wp-content\/uploads\/2025\/02\/Capture-decran-2025-02-04-a-11.42.55.jpg","contentUrl":"https:\/\/hotelamourparis.fr\/wp-content\/uploads\/2025\/02\/Capture-decran-2025-02-04-a-11.42.55.jpg","width":1000,"height":666,"caption":"Screenshot"},{"@type":"BreadcrumbList","@id":"https:\/\/hotelamourparis.fr\/hotel-grand-amour\/espaces-privatisables\/patio\/#breadcrumb","itemListElement":[{"@type":"ListItem","position":1,"name":"Accueil","item":"https:\/\/hotelamourparis.fr\/"},{"@type":"ListItem","position":2,"name":"H\u00f4tel Grand Amour","item":"https:\/\/hotelamourparis.fr\/hotel-grand-amour\/"},{"@type":"ListItem","position":3,"name":"Espaces privatisables","item":"https:\/\/hotelamourparis.fr\/hotel-grand-amour\/espaces-privatisables\/"},{"@type":"ListItem","position":4,"name":"Le Patio"}]},{"@type":"WebSite","@id":"https:\/\/hotelamourparis.fr\/en\/#website","url":"https:\/\/hotelamourparis.fr\/en\/","name":"Amour H\u00f4tels - H\u00f4tels \u00e0 Paris et Nice","description":"","publisher":{"@id":"https:\/\/hotelamourparis.fr\/en\/#organization"},"potentialAction":[{"@type":"SearchAction","target":{"@type":"EntryPoint","urlTemplate":"https:\/\/hotelamourparis.fr\/en\/?s={search_term_string}"},"query-input":{"@type":"PropertyValueSpecification","valueRequired":true,"valueName":"search_term_string"}}],"inLanguage":"en-US"},{"@type":"Organization","@id":"https:\/\/hotelamourparis.fr\/en\/#organization","name":"Amour H\u00f4tels","url":"https:\/\/hotelamourparis.fr\/en\/","logo":{"@type":"ImageObject","inLanguage":"en-US","@id":"https:\/\/hotelamourparis.fr\/en\/#\/schema\/logo\/image\/","url":"https:\/\/hotelamourparis.fr\/wp-content\/uploads\/2025\/01\/Logo-hotel-amour-1.svg","contentUrl":"https:\/\/hotelamourparis.fr\/wp-content\/uploads\/2025\/01\/Logo-hotel-amour-1.svg","width":160,"height":112,"caption":"Amour H\u00f4tels"},"image":{"@id":"https:\/\/hotelamourparis.fr\/en\/#\/schema\/logo\/image\/"}}]}},"_links":{"self":[{"href":"https:\/\/hotelamourparis.fr\/en\/wp-json\/wp\/v2\/pages\/680","targetHints":{"allow":["GET"]}}],"collection":[{"href":"https:\/\/hotelamourparis.fr\/en\/wp-json\/wp\/v2\/pages"}],"about":[{"href":"https:\/\/hotelamourparis.fr\/en\/wp-json\/wp\/v2\/types\/page"}],"author":[{"embeddable":true,"href":"https:\/\/hotelamourparis.fr\/en\/wp-json\/wp\/v2\/users\/1"}],"replies":[{"embeddable":true,"href":"https:\/\/hotelamourparis.fr\/en\/wp-json\/wp\/v2\/comments?post=680"}],"version-history":[{"count":11,"href":"https:\/\/hotelamourparis.fr\/en\/wp-json\/wp\/v2\/pages\/680\/revisions"}],"predecessor-version":[{"id":1521,"href":"https:\/\/hotelamourparis.fr\/en\/wp-json\/wp\/v2\/pages\/680\/revisions\/1521"}],"up":[{"embeddable":true,"href":"https:\/\/hotelamourparis.fr\/en\/wp-json\/wp\/v2\/pages\/661"}],"wp:featuredmedia":[{"embeddable":true,"href":"https:\/\/hotelamourparis.fr\/en\/wp-json\/wp\/v2\/media\/650"}],"wp:attachment":[{"href":"https:\/\/hotelamourparis.fr\/en\/wp-json\/wp\/v2\/media?parent=680"}],"curies":[{"name":"wp","href":"https:\/\/api.w.org\/{rel}","templated":true}]}}