{"id":959,"date":"2025-03-12T17:17:02","date_gmt":"2025-03-12T16:17:02","guid":{"rendered":"https:\/\/www.hotelamourparis.fr\/?page_id=959"},"modified":"2025-04-30T12:37:32","modified_gmt":"2025-04-30T10:37:32","slug":"appartement","status":"publish","type":"page","link":"https:\/\/hotelamourparis.fr\/de\/hotel-amour\/chambres\/appartement\/","title":{"rendered":"Chambre sup\u00e9rieure"},"content":{"rendered":"","protected":false},"excerpt":{"rendered":"","protected":false},"author":1,"featured_media":0,"parent":958,"menu_order":3,"comment_status":"closed","ping_status":"closed","template":"page-room.php","meta":{"_acf_changed":false,"inline_featured_image":false,"footnotes":""},"class_list":["post-959","page","type-page","status-publish","hentry"],"acf":[],"yoast_head":"<!-- This site is optimized with the Yoast SEO plugin v25.3 - https:\/\/yoast.com\/wordpress\/plugins\/seo\/ -->\n<title>Chambre sup\u00e9rieure - Amour H\u00f4tels<\/title>\n<meta name=\"description\" content=\"Chambre sup\u00e9rieure\" \/>\n<meta name=\"robots\" content=\"index, follow, max-snippet:-1, max-image-preview:large, max-video-preview:-1\" \/>\n<link rel=\"canonical\" href=\"https:\/\/hotelamourparis.fr\/de\/hotel-amour\/chambres\/appartement\/\" \/>\n<meta property=\"og:locale\" content=\"de_DE\" \/>\n<meta property=\"og:type\" content=\"article\" \/>\n<meta property=\"og:title\" content=\"Chambre sup\u00e9rieure - Amour H\u00f4tels\" \/>\n<meta property=\"og:description\" content=\"Chambre sup\u00e9rieure\" \/>\n<meta property=\"og:url\" content=\"https:\/\/hotelamourparis.fr\/de\/hotel-amour\/chambres\/appartement\/\" \/>\n<meta property=\"og:site_name\" content=\"Amour H\u00f4tels\" \/>\n<meta property=\"article:modified_time\" content=\"2025-04-30T10:37:32+00:00\" \/>\n<meta name=\"twitter:card\" content=\"summary_large_image\" \/>\n<script type=\"application\/ld+json\" class=\"yoast-schema-graph\">{\"@context\":\"https:\/\/schema.org\",\"@graph\":[{\"@type\":\"WebPage\",\"@id\":\"https:\/\/hotelamourparis.fr\/hotel-amour\/chambres\/appartement\/\",\"url\":\"https:\/\/hotelamourparis.fr\/hotel-amour\/chambres\/appartement\/\",\"name\":\"Chambre sup\u00e9rieure - Amour H\u00f4tels\",\"isPartOf\":{\"@id\":\"https:\/\/hotelamourparis.fr\/en\/#website\"},\"datePublished\":\"2025-03-12T16:17:02+00:00\",\"dateModified\":\"2025-04-30T10:37:32+00:00\",\"description\":\"Chambre sup\u00e9rieure\",\"breadcrumb\":{\"@id\":\"https:\/\/hotelamourparis.fr\/hotel-amour\/chambres\/appartement\/#breadcrumb\"},\"inLanguage\":\"de\",\"potentialAction\":[{\"@type\":\"ReadAction\",\"target\":[\"https:\/\/hotelamourparis.fr\/hotel-amour\/chambres\/appartement\/\"]}]},{\"@type\":\"BreadcrumbList\",\"@id\":\"https:\/\/hotelamourparis.fr\/hotel-amour\/chambres\/appartement\/#breadcrumb\",\"itemListElement\":[{\"@type\":\"ListItem\",\"position\":1,\"name\":\"Accueil\",\"item\":\"https:\/\/hotelamourparis.fr\/\"},{\"@type\":\"ListItem\",\"position\":2,\"name\":\"H\u00f4tel Amour Paris\",\"item\":\"https:\/\/hotelamourparis.fr\/hotel-amour\/\"},{\"@type\":\"ListItem\",\"position\":3,\"name\":\"Chambres\",\"item\":\"https:\/\/hotelamourparis.fr\/hotel-amour\/chambres\/\"},{\"@type\":\"ListItem\",\"position\":4,\"name\":\"Chambre sup\u00e9rieure\"}]},{\"@type\":\"WebSite\",\"@id\":\"https:\/\/hotelamourparis.fr\/en\/#website\",\"url\":\"https:\/\/hotelamourparis.fr\/en\/\",\"name\":\"Amour H\u00f4tels - H\u00f4tels \u00e0 Paris et Nice\",\"description\":\"\",\"publisher\":{\"@id\":\"https:\/\/hotelamourparis.fr\/en\/#organization\"},\"potentialAction\":[{\"@type\":\"SearchAction\",\"target\":{\"@type\":\"EntryPoint\",\"urlTemplate\":\"https:\/\/hotelamourparis.fr\/en\/?s={search_term_string}\"},\"query-input\":{\"@type\":\"PropertyValueSpecification\",\"valueRequired\":true,\"valueName\":\"search_term_string\"}}],\"inLanguage\":\"de\"},{\"@type\":\"Organization\",\"@id\":\"https:\/\/hotelamourparis.fr\/en\/#organization\",\"name\":\"Amour H\u00f4tels\",\"url\":\"https:\/\/hotelamourparis.fr\/en\/\",\"logo\":{\"@type\":\"ImageObject\",\"inLanguage\":\"de\",\"@id\":\"https:\/\/hotelamourparis.fr\/en\/#\/schema\/logo\/image\/\",\"url\":\"https:\/\/hotelamourparis.fr\/wp-content\/uploads\/2025\/01\/Logo-hotel-amour-1.svg\",\"contentUrl\":\"https:\/\/hotelamourparis.fr\/wp-content\/uploads\/2025\/01\/Logo-hotel-amour-1.svg\",\"width\":160,\"height\":112,\"caption\":\"Amour H\u00f4tels\"},\"image\":{\"@id\":\"https:\/\/hotelamourparis.fr\/en\/#\/schema\/logo\/image\/\"}}]}<\/script>\n<!-- \/ Yoast SEO plugin. -->","yoast_head_json":{"title":"Chambre sup\u00e9rieure - Amour H\u00f4tels","description":"Chambre sup\u00e9rieure","robots":{"index":"index","follow":"follow","max-snippet":"max-snippet:-1","max-image-preview":"max-image-preview:large","max-video-preview":"max-video-preview:-1"},"canonical":"https:\/\/hotelamourparis.fr\/de\/hotel-amour\/chambres\/appartement\/","og_locale":"de_DE","og_type":"article","og_title":"Chambre sup\u00e9rieure - Amour H\u00f4tels","og_description":"Chambre sup\u00e9rieure","og_url":"https:\/\/hotelamourparis.fr\/de\/hotel-amour\/chambres\/appartement\/","og_site_name":"Amour H\u00f4tels","article_modified_time":"2025-04-30T10:37:32+00:00","twitter_card":"summary_large_image","schema":{"@context":"https:\/\/schema.org","@graph":[{"@type":"WebPage","@id":"https:\/\/hotelamourparis.fr\/hotel-amour\/chambres\/appartement\/","url":"https:\/\/hotelamourparis.fr\/hotel-amour\/chambres\/appartement\/","name":"Chambre sup\u00e9rieure - Amour H\u00f4tels","isPartOf":{"@id":"https:\/\/hotelamourparis.fr\/en\/#website"},"datePublished":"2025-03-12T16:17:02+00:00","dateModified":"2025-04-30T10:37:32+00:00","description":"Chambre sup\u00e9rieure","breadcrumb":{"@id":"https:\/\/hotelamourparis.fr\/hotel-amour\/chambres\/appartement\/#breadcrumb"},"inLanguage":"de","potentialAction":[{"@type":"ReadAction","target":["https:\/\/hotelamourparis.fr\/hotel-amour\/chambres\/appartement\/"]}]},{"@type":"BreadcrumbList","@id":"https:\/\/hotelamourparis.fr\/hotel-amour\/chambres\/appartement\/#breadcrumb","itemListElement":[{"@type":"ListItem","position":1,"name":"Accueil","item":"https:\/\/hotelamourparis.fr\/"},{"@type":"ListItem","position":2,"name":"H\u00f4tel Amour Paris","item":"https:\/\/hotelamourparis.fr\/hotel-amour\/"},{"@type":"ListItem","position":3,"name":"Chambres","item":"https:\/\/hotelamourparis.fr\/hotel-amour\/chambres\/"},{"@type":"ListItem","position":4,"name":"Chambre sup\u00e9rieure"}]},{"@type":"WebSite","@id":"https:\/\/hotelamourparis.fr\/en\/#website","url":"https:\/\/hotelamourparis.fr\/en\/","name":"Amour H\u00f4tels - H\u00f4tels \u00e0 Paris et Nice","description":"","publisher":{"@id":"https:\/\/hotelamourparis.fr\/en\/#organization"},"potentialAction":[{"@type":"SearchAction","target":{"@type":"EntryPoint","urlTemplate":"https:\/\/hotelamourparis.fr\/en\/?s={search_term_string}"},"query-input":{"@type":"PropertyValueSpecification","valueRequired":true,"valueName":"search_term_string"}}],"inLanguage":"de"},{"@type":"Organization","@id":"https:\/\/hotelamourparis.fr\/en\/#organization","name":"Amour H\u00f4tels","url":"https:\/\/hotelamourparis.fr\/en\/","logo":{"@type":"ImageObject","inLanguage":"de","@id":"https:\/\/hotelamourparis.fr\/en\/#\/schema\/logo\/image\/","url":"https:\/\/hotelamourparis.fr\/wp-content\/uploads\/2025\/01\/Logo-hotel-amour-1.svg","contentUrl":"https:\/\/hotelamourparis.fr\/wp-content\/uploads\/2025\/01\/Logo-hotel-amour-1.svg","width":160,"height":112,"caption":"Amour H\u00f4tels"},"image":{"@id":"https:\/\/hotelamourparis.fr\/en\/#\/schema\/logo\/image\/"}}]}},"_links":{"self":[{"href":"https:\/\/hotelamourparis.fr\/de\/wp-json\/wp\/v2\/pages\/959","targetHints":{"allow":["GET"]}}],"collection":[{"href":"https:\/\/hotelamourparis.fr\/de\/wp-json\/wp\/v2\/pages"}],"about":[{"href":"https:\/\/hotelamourparis.fr\/de\/wp-json\/wp\/v2\/types\/page"}],"author":[{"embeddable":true,"href":"https:\/\/hotelamourparis.fr\/de\/wp-json\/wp\/v2\/users\/1"}],"replies":[{"embeddable":true,"href":"https:\/\/hotelamourparis.fr\/de\/wp-json\/wp\/v2\/comments?post=959"}],"version-history":[{"count":8,"href":"https:\/\/hotelamourparis.fr\/de\/wp-json\/wp\/v2\/pages\/959\/revisions"}],"predecessor-version":[{"id":1767,"href":"https:\/\/hotelamourparis.fr\/de\/wp-json\/wp\/v2\/pages\/959\/revisions\/1767"}],"up":[{"embeddable":true,"href":"https:\/\/hotelamourparis.fr\/de\/wp-json\/wp\/v2\/pages\/958"}],"wp:attachment":[{"href":"https:\/\/hotelamourparis.fr\/de\/wp-json\/wp\/v2\/media?parent=959"}],"curies":[{"name":"wp","href":"https:\/\/api.w.org\/{rel}","templated":true}]}}