{"id":679,"date":"2025-02-05T10:24:55","date_gmt":"2025-02-05T09:24:55","guid":{"rendered":"http:\/\/avkemzw.cluster031.hosting.ovh.net\/music\/?page_id=679"},"modified":"2025-04-17T15:09:30","modified_gmt":"2025-04-17T13:09:30","slug":"aquarium","status":"publish","type":"page","link":"https:\/\/hotelamourparis.fr\/de\/hotel-grand-amour\/espaces-privatisables\/aquarium\/","title":{"rendered":"L&rsquo;aquarium"},"content":{"rendered":"","protected":false},"excerpt":{"rendered":"","protected":false},"author":1,"featured_media":649,"parent":661,"menu_order":2,"comment_status":"closed","ping_status":"closed","template":"","meta":{"_acf_changed":false,"inline_featured_image":false,"footnotes":""},"class_list":["post-679","page","type-page","status-publish","has-post-thumbnail","hentry"],"acf":[],"yoast_head":"<!-- This site is optimized with the Yoast SEO plugin v25.3 - https:\/\/yoast.com\/wordpress\/plugins\/seo\/ -->\n<title>L&#039;aquarium - Amour H\u00f4tels<\/title>\n<meta name=\"description\" content=\"L&#039;aquarium\" \/>\n<meta name=\"robots\" content=\"index, follow, max-snippet:-1, max-image-preview:large, max-video-preview:-1\" \/>\n<link rel=\"canonical\" href=\"https:\/\/hotelamourparis.fr\/de\/hotel-grand-amour\/espaces-privatisables\/aquarium\/\" \/>\n<meta property=\"og:locale\" content=\"de_DE\" \/>\n<meta property=\"og:type\" content=\"article\" \/>\n<meta property=\"og:title\" content=\"L&#039;aquarium - Amour H\u00f4tels\" \/>\n<meta property=\"og:description\" content=\"L&#039;aquarium\" \/>\n<meta property=\"og:url\" content=\"https:\/\/hotelamourparis.fr\/de\/hotel-grand-amour\/espaces-privatisables\/aquarium\/\" \/>\n<meta property=\"og:site_name\" content=\"Amour H\u00f4tels\" \/>\n<meta property=\"article:modified_time\" content=\"2025-04-17T13:09:30+00:00\" \/>\n<meta property=\"og:image\" content=\"https:\/\/www.hotelamourparis.fr\/wp-content\/uploads\/2025\/02\/Capture-decran-2025-02-04-a-11.42.33.jpg\" \/>\n\t<meta property=\"og:image:width\" content=\"1240\" \/>\n\t<meta property=\"og:image:height\" content=\"712\" \/>\n\t<meta property=\"og:image:type\" content=\"image\/jpeg\" \/>\n<meta name=\"twitter:card\" content=\"summary_large_image\" \/>\n<meta name=\"twitter:label1\" content=\"Gesch\u00e4tzte Lesezeit\" \/>\n\t<meta name=\"twitter:data1\" content=\"1\u00a0Minute\" \/>\n<script type=\"application\/ld+json\" class=\"yoast-schema-graph\">{\"@context\":\"https:\/\/schema.org\",\"@graph\":[{\"@type\":\"WebPage\",\"@id\":\"https:\/\/hotelamourparis.fr\/hotel-grand-amour\/espaces-privatisables\/aquarium\/\",\"url\":\"https:\/\/hotelamourparis.fr\/hotel-grand-amour\/espaces-privatisables\/aquarium\/\",\"name\":\"L'aquarium - Amour H\u00f4tels\",\"isPartOf\":{\"@id\":\"https:\/\/hotelamourparis.fr\/en\/#website\"},\"primaryImageOfPage\":{\"@id\":\"https:\/\/hotelamourparis.fr\/hotel-grand-amour\/espaces-privatisables\/aquarium\/#primaryimage\"},\"image\":{\"@id\":\"https:\/\/hotelamourparis.fr\/hotel-grand-amour\/espaces-privatisables\/aquarium\/#primaryimage\"},\"thumbnailUrl\":\"https:\/\/hotelamourparis.fr\/wp-content\/uploads\/2025\/02\/Capture-decran-2025-02-04-a-11.42.33.jpg\",\"datePublished\":\"2025-02-05T09:24:55+00:00\",\"dateModified\":\"2025-04-17T13:09:30+00:00\",\"description\":\"L'aquarium\",\"breadcrumb\":{\"@id\":\"https:\/\/hotelamourparis.fr\/hotel-grand-amour\/espaces-privatisables\/aquarium\/#breadcrumb\"},\"inLanguage\":\"de\",\"potentialAction\":[{\"@type\":\"ReadAction\",\"target\":[\"https:\/\/hotelamourparis.fr\/hotel-grand-amour\/espaces-privatisables\/aquarium\/\"]}]},{\"@type\":\"ImageObject\",\"inLanguage\":\"de\",\"@id\":\"https:\/\/hotelamourparis.fr\/hotel-grand-amour\/espaces-privatisables\/aquarium\/#primaryimage\",\"url\":\"https:\/\/hotelamourparis.fr\/wp-content\/uploads\/2025\/02\/Capture-decran-2025-02-04-a-11.42.33.jpg\",\"contentUrl\":\"https:\/\/hotelamourparis.fr\/wp-content\/uploads\/2025\/02\/Capture-decran-2025-02-04-a-11.42.33.jpg\",\"width\":1240,\"height\":712,\"caption\":\"Screenshot\"},{\"@type\":\"BreadcrumbList\",\"@id\":\"https:\/\/hotelamourparis.fr\/hotel-grand-amour\/espaces-privatisables\/aquarium\/#breadcrumb\",\"itemListElement\":[{\"@type\":\"ListItem\",\"position\":1,\"name\":\"Accueil\",\"item\":\"https:\/\/hotelamourparis.fr\/\"},{\"@type\":\"ListItem\",\"position\":2,\"name\":\"H\u00f4tel Grand Amour\",\"item\":\"https:\/\/hotelamourparis.fr\/hotel-grand-amour\/\"},{\"@type\":\"ListItem\",\"position\":3,\"name\":\"Espaces privatisables\",\"item\":\"https:\/\/hotelamourparis.fr\/hotel-grand-amour\/espaces-privatisables\/\"},{\"@type\":\"ListItem\",\"position\":4,\"name\":\"L&rsquo;aquarium\"}]},{\"@type\":\"WebSite\",\"@id\":\"https:\/\/hotelamourparis.fr\/en\/#website\",\"url\":\"https:\/\/hotelamourparis.fr\/en\/\",\"name\":\"Amour H\u00f4tels - H\u00f4tels \u00e0 Paris et Nice\",\"description\":\"\",\"publisher\":{\"@id\":\"https:\/\/hotelamourparis.fr\/en\/#organization\"},\"potentialAction\":[{\"@type\":\"SearchAction\",\"target\":{\"@type\":\"EntryPoint\",\"urlTemplate\":\"https:\/\/hotelamourparis.fr\/en\/?s={search_term_string}\"},\"query-input\":{\"@type\":\"PropertyValueSpecification\",\"valueRequired\":true,\"valueName\":\"search_term_string\"}}],\"inLanguage\":\"de\"},{\"@type\":\"Organization\",\"@id\":\"https:\/\/hotelamourparis.fr\/en\/#organization\",\"name\":\"Amour H\u00f4tels\",\"url\":\"https:\/\/hotelamourparis.fr\/en\/\",\"logo\":{\"@type\":\"ImageObject\",\"inLanguage\":\"de\",\"@id\":\"https:\/\/hotelamourparis.fr\/en\/#\/schema\/logo\/image\/\",\"url\":\"https:\/\/hotelamourparis.fr\/wp-content\/uploads\/2025\/01\/Logo-hotel-amour-1.svg\",\"contentUrl\":\"https:\/\/hotelamourparis.fr\/wp-content\/uploads\/2025\/01\/Logo-hotel-amour-1.svg\",\"width\":160,\"height\":112,\"caption\":\"Amour H\u00f4tels\"},\"image\":{\"@id\":\"https:\/\/hotelamourparis.fr\/en\/#\/schema\/logo\/image\/\"}}]}<\/script>\n<!-- \/ Yoast SEO plugin. -->","yoast_head_json":{"title":"L'aquarium - Amour H\u00f4tels","description":"L'aquarium","robots":{"index":"index","follow":"follow","max-snippet":"max-snippet:-1","max-image-preview":"max-image-preview:large","max-video-preview":"max-video-preview:-1"},"canonical":"https:\/\/hotelamourparis.fr\/de\/hotel-grand-amour\/espaces-privatisables\/aquarium\/","og_locale":"de_DE","og_type":"article","og_title":"L'aquarium - Amour H\u00f4tels","og_description":"L'aquarium","og_url":"https:\/\/hotelamourparis.fr\/de\/hotel-grand-amour\/espaces-privatisables\/aquarium\/","og_site_name":"Amour H\u00f4tels","article_modified_time":"2025-04-17T13:09:30+00:00","og_image":[{"width":1240,"height":712,"url":"https:\/\/www.hotelamourparis.fr\/wp-content\/uploads\/2025\/02\/Capture-decran-2025-02-04-a-11.42.33.jpg","type":"image\/jpeg"}],"twitter_card":"summary_large_image","twitter_misc":{"Gesch\u00e4tzte Lesezeit":"1\u00a0Minute"},"schema":{"@context":"https:\/\/schema.org","@graph":[{"@type":"WebPage","@id":"https:\/\/hotelamourparis.fr\/hotel-grand-amour\/espaces-privatisables\/aquarium\/","url":"https:\/\/hotelamourparis.fr\/hotel-grand-amour\/espaces-privatisables\/aquarium\/","name":"L'aquarium - Amour H\u00f4tels","isPartOf":{"@id":"https:\/\/hotelamourparis.fr\/en\/#website"},"primaryImageOfPage":{"@id":"https:\/\/hotelamourparis.fr\/hotel-grand-amour\/espaces-privatisables\/aquarium\/#primaryimage"},"image":{"@id":"https:\/\/hotelamourparis.fr\/hotel-grand-amour\/espaces-privatisables\/aquarium\/#primaryimage"},"thumbnailUrl":"https:\/\/hotelamourparis.fr\/wp-content\/uploads\/2025\/02\/Capture-decran-2025-02-04-a-11.42.33.jpg","datePublished":"2025-02-05T09:24:55+00:00","dateModified":"2025-04-17T13:09:30+00:00","description":"L'aquarium","breadcrumb":{"@id":"https:\/\/hotelamourparis.fr\/hotel-grand-amour\/espaces-privatisables\/aquarium\/#breadcrumb"},"inLanguage":"de","potentialAction":[{"@type":"ReadAction","target":["https:\/\/hotelamourparis.fr\/hotel-grand-amour\/espaces-privatisables\/aquarium\/"]}]},{"@type":"ImageObject","inLanguage":"de","@id":"https:\/\/hotelamourparis.fr\/hotel-grand-amour\/espaces-privatisables\/aquarium\/#primaryimage","url":"https:\/\/hotelamourparis.fr\/wp-content\/uploads\/2025\/02\/Capture-decran-2025-02-04-a-11.42.33.jpg","contentUrl":"https:\/\/hotelamourparis.fr\/wp-content\/uploads\/2025\/02\/Capture-decran-2025-02-04-a-11.42.33.jpg","width":1240,"height":712,"caption":"Screenshot"},{"@type":"BreadcrumbList","@id":"https:\/\/hotelamourparis.fr\/hotel-grand-amour\/espaces-privatisables\/aquarium\/#breadcrumb","itemListElement":[{"@type":"ListItem","position":1,"name":"Accueil","item":"https:\/\/hotelamourparis.fr\/"},{"@type":"ListItem","position":2,"name":"H\u00f4tel Grand Amour","item":"https:\/\/hotelamourparis.fr\/hotel-grand-amour\/"},{"@type":"ListItem","position":3,"name":"Espaces privatisables","item":"https:\/\/hotelamourparis.fr\/hotel-grand-amour\/espaces-privatisables\/"},{"@type":"ListItem","position":4,"name":"L&rsquo;aquarium"}]},{"@type":"WebSite","@id":"https:\/\/hotelamourparis.fr\/en\/#website","url":"https:\/\/hotelamourparis.fr\/en\/","name":"Amour H\u00f4tels - H\u00f4tels \u00e0 Paris et Nice","description":"","publisher":{"@id":"https:\/\/hotelamourparis.fr\/en\/#organization"},"potentialAction":[{"@type":"SearchAction","target":{"@type":"EntryPoint","urlTemplate":"https:\/\/hotelamourparis.fr\/en\/?s={search_term_string}"},"query-input":{"@type":"PropertyValueSpecification","valueRequired":true,"valueName":"search_term_string"}}],"inLanguage":"de"},{"@type":"Organization","@id":"https:\/\/hotelamourparis.fr\/en\/#organization","name":"Amour H\u00f4tels","url":"https:\/\/hotelamourparis.fr\/en\/","logo":{"@type":"ImageObject","inLanguage":"de","@id":"https:\/\/hotelamourparis.fr\/en\/#\/schema\/logo\/image\/","url":"https:\/\/hotelamourparis.fr\/wp-content\/uploads\/2025\/01\/Logo-hotel-amour-1.svg","contentUrl":"https:\/\/hotelamourparis.fr\/wp-content\/uploads\/2025\/01\/Logo-hotel-amour-1.svg","width":160,"height":112,"caption":"Amour H\u00f4tels"},"image":{"@id":"https:\/\/hotelamourparis.fr\/en\/#\/schema\/logo\/image\/"}}]}},"_links":{"self":[{"href":"https:\/\/hotelamourparis.fr\/de\/wp-json\/wp\/v2\/pages\/679","targetHints":{"allow":["GET"]}}],"collection":[{"href":"https:\/\/hotelamourparis.fr\/de\/wp-json\/wp\/v2\/pages"}],"about":[{"href":"https:\/\/hotelamourparis.fr\/de\/wp-json\/wp\/v2\/types\/page"}],"author":[{"embeddable":true,"href":"https:\/\/hotelamourparis.fr\/de\/wp-json\/wp\/v2\/users\/1"}],"replies":[{"embeddable":true,"href":"https:\/\/hotelamourparis.fr\/de\/wp-json\/wp\/v2\/comments?post=679"}],"version-history":[{"count":10,"href":"https:\/\/hotelamourparis.fr\/de\/wp-json\/wp\/v2\/pages\/679\/revisions"}],"predecessor-version":[{"id":1493,"href":"https:\/\/hotelamourparis.fr\/de\/wp-json\/wp\/v2\/pages\/679\/revisions\/1493"}],"up":[{"embeddable":true,"href":"https:\/\/hotelamourparis.fr\/de\/wp-json\/wp\/v2\/pages\/661"}],"wp:featuredmedia":[{"embeddable":true,"href":"https:\/\/hotelamourparis.fr\/de\/wp-json\/wp\/v2\/media\/649"}],"wp:attachment":[{"href":"https:\/\/hotelamourparis.fr\/de\/wp-json\/wp\/v2\/media?parent=679"}],"curies":[{"name":"wp","href":"https:\/\/api.w.org\/{rel}","templated":true}]}}