{"id":663,"date":"2025-02-04T13:16:48","date_gmt":"2025-02-04T12:16:48","guid":{"rendered":"http:\/\/avkemzw.cluster031.hosting.ovh.net\/music\/?page_id=663"},"modified":"2025-07-04T15:02:51","modified_gmt":"2025-07-04T13:02:51","slug":"bookbar","status":"publish","type":"page","link":"https:\/\/hotelamourparis.fr\/de\/hotel-grand-amour\/espaces-privatisables\/bookbar\/","title":{"rendered":"Bookbar"},"content":{"rendered":"","protected":false},"excerpt":{"rendered":"","protected":false},"author":1,"featured_media":2423,"parent":661,"menu_order":3,"comment_status":"closed","ping_status":"closed","template":"page-home-restaurant.php","meta":{"_acf_changed":false,"inline_featured_image":false,"footnotes":""},"class_list":["post-663","page","type-page","status-publish","has-post-thumbnail","hentry"],"acf":[],"yoast_head":"<!-- This site is optimized with the Yoast SEO plugin v25.3 - https:\/\/yoast.com\/wordpress\/plugins\/seo\/ -->\n<title>Bookbar - Amour H\u00f4tels<\/title>\n<meta name=\"description\" content=\"Bookbar\" \/>\n<meta name=\"robots\" content=\"index, follow, max-snippet:-1, max-image-preview:large, max-video-preview:-1\" \/>\n<link rel=\"canonical\" href=\"https:\/\/hotelamourparis.fr\/de\/hotel-grand-amour\/espaces-privatisables\/bookbar\/\" \/>\n<meta property=\"og:locale\" content=\"de_DE\" \/>\n<meta property=\"og:type\" content=\"article\" \/>\n<meta property=\"og:title\" content=\"Bookbar - Amour H\u00f4tels\" \/>\n<meta property=\"og:description\" content=\"Bookbar\" \/>\n<meta property=\"og:url\" content=\"https:\/\/hotelamourparis.fr\/de\/hotel-grand-amour\/espaces-privatisables\/bookbar\/\" \/>\n<meta property=\"og:site_name\" content=\"Amour H\u00f4tels\" \/>\n<meta property=\"article:modified_time\" content=\"2025-07-04T13:02:51+00:00\" \/>\n<meta property=\"og:image\" content=\"https:\/\/hotelamourparis.fr\/wp-content\/uploads\/2025\/07\/PNA3915.jpg\" \/>\n\t<meta property=\"og:image:width\" content=\"1708\" \/>\n\t<meta property=\"og:image:height\" content=\"2560\" \/>\n\t<meta property=\"og:image:type\" content=\"image\/jpeg\" \/>\n<meta name=\"twitter:card\" content=\"summary_large_image\" \/>\n<meta name=\"twitter:label1\" content=\"Gesch\u00e4tzte Lesezeit\" \/>\n\t<meta name=\"twitter:data1\" content=\"1\u00a0Minute\" \/>\n<script type=\"application\/ld+json\" class=\"yoast-schema-graph\">{\"@context\":\"https:\/\/schema.org\",\"@graph\":[{\"@type\":\"WebPage\",\"@id\":\"https:\/\/hotelamourparis.fr\/hotel-grand-amour\/espaces-privatisables\/bookbar\/\",\"url\":\"https:\/\/hotelamourparis.fr\/hotel-grand-amour\/espaces-privatisables\/bookbar\/\",\"name\":\"Bookbar - Amour H\u00f4tels\",\"isPartOf\":{\"@id\":\"https:\/\/hotelamourparis.fr\/en\/#website\"},\"primaryImageOfPage\":{\"@id\":\"https:\/\/hotelamourparis.fr\/hotel-grand-amour\/espaces-privatisables\/bookbar\/#primaryimage\"},\"image\":{\"@id\":\"https:\/\/hotelamourparis.fr\/hotel-grand-amour\/espaces-privatisables\/bookbar\/#primaryimage\"},\"thumbnailUrl\":\"https:\/\/hotelamourparis.fr\/wp-content\/uploads\/2025\/07\/PNA3915.jpg\",\"datePublished\":\"2025-02-04T12:16:48+00:00\",\"dateModified\":\"2025-07-04T13:02:51+00:00\",\"description\":\"Bookbar\",\"breadcrumb\":{\"@id\":\"https:\/\/hotelamourparis.fr\/hotel-grand-amour\/espaces-privatisables\/bookbar\/#breadcrumb\"},\"inLanguage\":\"de\",\"potentialAction\":[{\"@type\":\"ReadAction\",\"target\":[\"https:\/\/hotelamourparis.fr\/hotel-grand-amour\/espaces-privatisables\/bookbar\/\"]}]},{\"@type\":\"ImageObject\",\"inLanguage\":\"de\",\"@id\":\"https:\/\/hotelamourparis.fr\/hotel-grand-amour\/espaces-privatisables\/bookbar\/#primaryimage\",\"url\":\"https:\/\/hotelamourparis.fr\/wp-content\/uploads\/2025\/07\/PNA3915.jpg\",\"contentUrl\":\"https:\/\/hotelamourparis.fr\/wp-content\/uploads\/2025\/07\/PNA3915.jpg\",\"width\":1708,\"height\":2560},{\"@type\":\"BreadcrumbList\",\"@id\":\"https:\/\/hotelamourparis.fr\/hotel-grand-amour\/espaces-privatisables\/bookbar\/#breadcrumb\",\"itemListElement\":[{\"@type\":\"ListItem\",\"position\":1,\"name\":\"Accueil\",\"item\":\"https:\/\/hotelamourparis.fr\/\"},{\"@type\":\"ListItem\",\"position\":2,\"name\":\"H\u00f4tel Grand Amour\",\"item\":\"https:\/\/hotelamourparis.fr\/hotel-grand-amour\/\"},{\"@type\":\"ListItem\",\"position\":3,\"name\":\"Espaces privatisables\",\"item\":\"https:\/\/hotelamourparis.fr\/hotel-grand-amour\/espaces-privatisables\/\"},{\"@type\":\"ListItem\",\"position\":4,\"name\":\"Bookbar\"}]},{\"@type\":\"WebSite\",\"@id\":\"https:\/\/hotelamourparis.fr\/en\/#website\",\"url\":\"https:\/\/hotelamourparis.fr\/en\/\",\"name\":\"Amour H\u00f4tels - H\u00f4tels \u00e0 Paris et Nice\",\"description\":\"\",\"publisher\":{\"@id\":\"https:\/\/hotelamourparis.fr\/en\/#organization\"},\"potentialAction\":[{\"@type\":\"SearchAction\",\"target\":{\"@type\":\"EntryPoint\",\"urlTemplate\":\"https:\/\/hotelamourparis.fr\/en\/?s={search_term_string}\"},\"query-input\":{\"@type\":\"PropertyValueSpecification\",\"valueRequired\":true,\"valueName\":\"search_term_string\"}}],\"inLanguage\":\"de\"},{\"@type\":\"Organization\",\"@id\":\"https:\/\/hotelamourparis.fr\/en\/#organization\",\"name\":\"Amour H\u00f4tels\",\"url\":\"https:\/\/hotelamourparis.fr\/en\/\",\"logo\":{\"@type\":\"ImageObject\",\"inLanguage\":\"de\",\"@id\":\"https:\/\/hotelamourparis.fr\/en\/#\/schema\/logo\/image\/\",\"url\":\"https:\/\/hotelamourparis.fr\/wp-content\/uploads\/2025\/01\/Logo-hotel-amour-1.svg\",\"contentUrl\":\"https:\/\/hotelamourparis.fr\/wp-content\/uploads\/2025\/01\/Logo-hotel-amour-1.svg\",\"width\":160,\"height\":112,\"caption\":\"Amour H\u00f4tels\"},\"image\":{\"@id\":\"https:\/\/hotelamourparis.fr\/en\/#\/schema\/logo\/image\/\"}}]}<\/script>\n<!-- \/ Yoast SEO plugin. -->","yoast_head_json":{"title":"Bookbar - Amour H\u00f4tels","description":"Bookbar","robots":{"index":"index","follow":"follow","max-snippet":"max-snippet:-1","max-image-preview":"max-image-preview:large","max-video-preview":"max-video-preview:-1"},"canonical":"https:\/\/hotelamourparis.fr\/de\/hotel-grand-amour\/espaces-privatisables\/bookbar\/","og_locale":"de_DE","og_type":"article","og_title":"Bookbar - Amour H\u00f4tels","og_description":"Bookbar","og_url":"https:\/\/hotelamourparis.fr\/de\/hotel-grand-amour\/espaces-privatisables\/bookbar\/","og_site_name":"Amour H\u00f4tels","article_modified_time":"2025-07-04T13:02:51+00:00","og_image":[{"width":1708,"height":2560,"url":"https:\/\/hotelamourparis.fr\/wp-content\/uploads\/2025\/07\/PNA3915.jpg","type":"image\/jpeg"}],"twitter_card":"summary_large_image","twitter_misc":{"Gesch\u00e4tzte Lesezeit":"1\u00a0Minute"},"schema":{"@context":"https:\/\/schema.org","@graph":[{"@type":"WebPage","@id":"https:\/\/hotelamourparis.fr\/hotel-grand-amour\/espaces-privatisables\/bookbar\/","url":"https:\/\/hotelamourparis.fr\/hotel-grand-amour\/espaces-privatisables\/bookbar\/","name":"Bookbar - Amour H\u00f4tels","isPartOf":{"@id":"https:\/\/hotelamourparis.fr\/en\/#website"},"primaryImageOfPage":{"@id":"https:\/\/hotelamourparis.fr\/hotel-grand-amour\/espaces-privatisables\/bookbar\/#primaryimage"},"image":{"@id":"https:\/\/hotelamourparis.fr\/hotel-grand-amour\/espaces-privatisables\/bookbar\/#primaryimage"},"thumbnailUrl":"https:\/\/hotelamourparis.fr\/wp-content\/uploads\/2025\/07\/PNA3915.jpg","datePublished":"2025-02-04T12:16:48+00:00","dateModified":"2025-07-04T13:02:51+00:00","description":"Bookbar","breadcrumb":{"@id":"https:\/\/hotelamourparis.fr\/hotel-grand-amour\/espaces-privatisables\/bookbar\/#breadcrumb"},"inLanguage":"de","potentialAction":[{"@type":"ReadAction","target":["https:\/\/hotelamourparis.fr\/hotel-grand-amour\/espaces-privatisables\/bookbar\/"]}]},{"@type":"ImageObject","inLanguage":"de","@id":"https:\/\/hotelamourparis.fr\/hotel-grand-amour\/espaces-privatisables\/bookbar\/#primaryimage","url":"https:\/\/hotelamourparis.fr\/wp-content\/uploads\/2025\/07\/PNA3915.jpg","contentUrl":"https:\/\/hotelamourparis.fr\/wp-content\/uploads\/2025\/07\/PNA3915.jpg","width":1708,"height":2560},{"@type":"BreadcrumbList","@id":"https:\/\/hotelamourparis.fr\/hotel-grand-amour\/espaces-privatisables\/bookbar\/#breadcrumb","itemListElement":[{"@type":"ListItem","position":1,"name":"Accueil","item":"https:\/\/hotelamourparis.fr\/"},{"@type":"ListItem","position":2,"name":"H\u00f4tel Grand Amour","item":"https:\/\/hotelamourparis.fr\/hotel-grand-amour\/"},{"@type":"ListItem","position":3,"name":"Espaces privatisables","item":"https:\/\/hotelamourparis.fr\/hotel-grand-amour\/espaces-privatisables\/"},{"@type":"ListItem","position":4,"name":"Bookbar"}]},{"@type":"WebSite","@id":"https:\/\/hotelamourparis.fr\/en\/#website","url":"https:\/\/hotelamourparis.fr\/en\/","name":"Amour H\u00f4tels - H\u00f4tels \u00e0 Paris et Nice","description":"","publisher":{"@id":"https:\/\/hotelamourparis.fr\/en\/#organization"},"potentialAction":[{"@type":"SearchAction","target":{"@type":"EntryPoint","urlTemplate":"https:\/\/hotelamourparis.fr\/en\/?s={search_term_string}"},"query-input":{"@type":"PropertyValueSpecification","valueRequired":true,"valueName":"search_term_string"}}],"inLanguage":"de"},{"@type":"Organization","@id":"https:\/\/hotelamourparis.fr\/en\/#organization","name":"Amour H\u00f4tels","url":"https:\/\/hotelamourparis.fr\/en\/","logo":{"@type":"ImageObject","inLanguage":"de","@id":"https:\/\/hotelamourparis.fr\/en\/#\/schema\/logo\/image\/","url":"https:\/\/hotelamourparis.fr\/wp-content\/uploads\/2025\/01\/Logo-hotel-amour-1.svg","contentUrl":"https:\/\/hotelamourparis.fr\/wp-content\/uploads\/2025\/01\/Logo-hotel-amour-1.svg","width":160,"height":112,"caption":"Amour H\u00f4tels"},"image":{"@id":"https:\/\/hotelamourparis.fr\/en\/#\/schema\/logo\/image\/"}}]}},"_links":{"self":[{"href":"https:\/\/hotelamourparis.fr\/de\/wp-json\/wp\/v2\/pages\/663","targetHints":{"allow":["GET"]}}],"collection":[{"href":"https:\/\/hotelamourparis.fr\/de\/wp-json\/wp\/v2\/pages"}],"about":[{"href":"https:\/\/hotelamourparis.fr\/de\/wp-json\/wp\/v2\/types\/page"}],"author":[{"embeddable":true,"href":"https:\/\/hotelamourparis.fr\/de\/wp-json\/wp\/v2\/users\/1"}],"replies":[{"embeddable":true,"href":"https:\/\/hotelamourparis.fr\/de\/wp-json\/wp\/v2\/comments?post=663"}],"version-history":[{"count":36,"href":"https:\/\/hotelamourparis.fr\/de\/wp-json\/wp\/v2\/pages\/663\/revisions"}],"predecessor-version":[{"id":1608,"href":"https:\/\/hotelamourparis.fr\/de\/wp-json\/wp\/v2\/pages\/663\/revisions\/1608"}],"up":[{"embeddable":true,"href":"https:\/\/hotelamourparis.fr\/de\/wp-json\/wp\/v2\/pages\/661"}],"wp:featuredmedia":[{"embeddable":true,"href":"https:\/\/hotelamourparis.fr\/de\/wp-json\/wp\/v2\/media\/2423"}],"wp:attachment":[{"href":"https:\/\/hotelamourparis.fr\/de\/wp-json\/wp\/v2\/media?parent=663"}],"curies":[{"name":"wp","href":"https:\/\/api.w.org\/{rel}","templated":true}]}}