{"id":364,"date":"2025-01-07T14:16:39","date_gmt":"2025-01-07T13:16:39","guid":{"rendered":"http:\/\/avkemzw.cluster031.hosting.ovh.net\/music\/?page_id=364"},"modified":"2026-04-13T12:47:55","modified_gmt":"2026-04-13T10:47:55","slug":"restaurant","status":"publish","type":"page","link":"https:\/\/hotelamourparis.fr\/de\/restaurant\/","title":{"rendered":"Restaurant Grand Amour"},"content":{"rendered":"","protected":false},"excerpt":{"rendered":"","protected":false},"author":1,"featured_media":0,"parent":0,"menu_order":9,"comment_status":"closed","ping_status":"closed","template":"page-home-restaurant.php","meta":{"_acf_changed":false,"inline_featured_image":false,"footnotes":""},"class_list":["post-364","page","type-page","status-publish","hentry"],"acf":[],"yoast_head":"<!-- This site is optimized with the Yoast SEO plugin v25.3 - https:\/\/yoast.com\/wordpress\/plugins\/seo\/ -->\n<title>Restaurant Grand Amour - Amour H\u00f4tels<\/title>\n<meta name=\"description\" content=\"Restaurant Grand Amour\" \/>\n<meta name=\"robots\" content=\"index, follow, max-snippet:-1, max-image-preview:large, max-video-preview:-1\" \/>\n<link rel=\"canonical\" href=\"https:\/\/hotelamourparis.fr\/de\/restaurant\/\" \/>\n<meta property=\"og:locale\" content=\"de_DE\" \/>\n<meta property=\"og:type\" content=\"article\" \/>\n<meta property=\"og:title\" content=\"Restaurant Grand Amour - Amour H\u00f4tels\" \/>\n<meta property=\"og:description\" content=\"Restaurant Grand Amour\" \/>\n<meta property=\"og:url\" content=\"https:\/\/hotelamourparis.fr\/de\/restaurant\/\" \/>\n<meta property=\"og:site_name\" content=\"Amour H\u00f4tels\" \/>\n<meta property=\"article:modified_time\" content=\"2026-04-13T10:47:55+00:00\" \/>\n<meta name=\"twitter:card\" content=\"summary_large_image\" \/>\n<script type=\"application\/ld+json\" class=\"yoast-schema-graph\">{\"@context\":\"https:\/\/schema.org\",\"@graph\":[{\"@type\":\"WebPage\",\"@id\":\"https:\/\/hotelamourparis.fr\/restaurant\/\",\"url\":\"https:\/\/hotelamourparis.fr\/restaurant\/\",\"name\":\"Restaurant Grand Amour - Amour H\u00f4tels\",\"isPartOf\":{\"@id\":\"https:\/\/hotelamourparis.fr\/en\/#website\"},\"datePublished\":\"2025-01-07T13:16:39+00:00\",\"dateModified\":\"2026-04-13T10:47:55+00:00\",\"description\":\"Restaurant Grand Amour\",\"breadcrumb\":{\"@id\":\"https:\/\/hotelamourparis.fr\/restaurant\/#breadcrumb\"},\"inLanguage\":\"de\",\"potentialAction\":[{\"@type\":\"ReadAction\",\"target\":[\"https:\/\/hotelamourparis.fr\/restaurant\/\"]}]},{\"@type\":\"BreadcrumbList\",\"@id\":\"https:\/\/hotelamourparis.fr\/restaurant\/#breadcrumb\",\"itemListElement\":[{\"@type\":\"ListItem\",\"position\":1,\"name\":\"Accueil\",\"item\":\"https:\/\/hotelamourparis.fr\/\"},{\"@type\":\"ListItem\",\"position\":2,\"name\":\"Restaurant Grand Amour\"}]},{\"@type\":\"WebSite\",\"@id\":\"https:\/\/hotelamourparis.fr\/en\/#website\",\"url\":\"https:\/\/hotelamourparis.fr\/en\/\",\"name\":\"Amour H\u00f4tels - H\u00f4tels \u00e0 Paris et Nice\",\"description\":\"\",\"publisher\":{\"@id\":\"https:\/\/hotelamourparis.fr\/en\/#organization\"},\"potentialAction\":[{\"@type\":\"SearchAction\",\"target\":{\"@type\":\"EntryPoint\",\"urlTemplate\":\"https:\/\/hotelamourparis.fr\/en\/?s={search_term_string}\"},\"query-input\":{\"@type\":\"PropertyValueSpecification\",\"valueRequired\":true,\"valueName\":\"search_term_string\"}}],\"inLanguage\":\"de\"},{\"@type\":\"Organization\",\"@id\":\"https:\/\/hotelamourparis.fr\/en\/#organization\",\"name\":\"Amour H\u00f4tels\",\"url\":\"https:\/\/hotelamourparis.fr\/en\/\",\"logo\":{\"@type\":\"ImageObject\",\"inLanguage\":\"de\",\"@id\":\"https:\/\/hotelamourparis.fr\/en\/#\/schema\/logo\/image\/\",\"url\":\"https:\/\/hotelamourparis.fr\/wp-content\/uploads\/2025\/01\/Logo-hotel-amour-1.svg\",\"contentUrl\":\"https:\/\/hotelamourparis.fr\/wp-content\/uploads\/2025\/01\/Logo-hotel-amour-1.svg\",\"width\":160,\"height\":112,\"caption\":\"Amour H\u00f4tels\"},\"image\":{\"@id\":\"https:\/\/hotelamourparis.fr\/en\/#\/schema\/logo\/image\/\"}}]}<\/script>\n<!-- \/ Yoast SEO plugin. -->","yoast_head_json":{"title":"Restaurant Grand Amour - Amour H\u00f4tels","description":"Restaurant Grand Amour","robots":{"index":"index","follow":"follow","max-snippet":"max-snippet:-1","max-image-preview":"max-image-preview:large","max-video-preview":"max-video-preview:-1"},"canonical":"https:\/\/hotelamourparis.fr\/de\/restaurant\/","og_locale":"de_DE","og_type":"article","og_title":"Restaurant Grand Amour - Amour H\u00f4tels","og_description":"Restaurant Grand Amour","og_url":"https:\/\/hotelamourparis.fr\/de\/restaurant\/","og_site_name":"Amour H\u00f4tels","article_modified_time":"2026-04-13T10:47:55+00:00","twitter_card":"summary_large_image","schema":{"@context":"https:\/\/schema.org","@graph":[{"@type":"WebPage","@id":"https:\/\/hotelamourparis.fr\/restaurant\/","url":"https:\/\/hotelamourparis.fr\/restaurant\/","name":"Restaurant Grand Amour - Amour H\u00f4tels","isPartOf":{"@id":"https:\/\/hotelamourparis.fr\/en\/#website"},"datePublished":"2025-01-07T13:16:39+00:00","dateModified":"2026-04-13T10:47:55+00:00","description":"Restaurant Grand Amour","breadcrumb":{"@id":"https:\/\/hotelamourparis.fr\/restaurant\/#breadcrumb"},"inLanguage":"de","potentialAction":[{"@type":"ReadAction","target":["https:\/\/hotelamourparis.fr\/restaurant\/"]}]},{"@type":"BreadcrumbList","@id":"https:\/\/hotelamourparis.fr\/restaurant\/#breadcrumb","itemListElement":[{"@type":"ListItem","position":1,"name":"Accueil","item":"https:\/\/hotelamourparis.fr\/"},{"@type":"ListItem","position":2,"name":"Restaurant Grand Amour"}]},{"@type":"WebSite","@id":"https:\/\/hotelamourparis.fr\/en\/#website","url":"https:\/\/hotelamourparis.fr\/en\/","name":"Amour H\u00f4tels - H\u00f4tels \u00e0 Paris et Nice","description":"","publisher":{"@id":"https:\/\/hotelamourparis.fr\/en\/#organization"},"potentialAction":[{"@type":"SearchAction","target":{"@type":"EntryPoint","urlTemplate":"https:\/\/hotelamourparis.fr\/en\/?s={search_term_string}"},"query-input":{"@type":"PropertyValueSpecification","valueRequired":true,"valueName":"search_term_string"}}],"inLanguage":"de"},{"@type":"Organization","@id":"https:\/\/hotelamourparis.fr\/en\/#organization","name":"Amour H\u00f4tels","url":"https:\/\/hotelamourparis.fr\/en\/","logo":{"@type":"ImageObject","inLanguage":"de","@id":"https:\/\/hotelamourparis.fr\/en\/#\/schema\/logo\/image\/","url":"https:\/\/hotelamourparis.fr\/wp-content\/uploads\/2025\/01\/Logo-hotel-amour-1.svg","contentUrl":"https:\/\/hotelamourparis.fr\/wp-content\/uploads\/2025\/01\/Logo-hotel-amour-1.svg","width":160,"height":112,"caption":"Amour H\u00f4tels"},"image":{"@id":"https:\/\/hotelamourparis.fr\/en\/#\/schema\/logo\/image\/"}}]}},"_links":{"self":[{"href":"https:\/\/hotelamourparis.fr\/de\/wp-json\/wp\/v2\/pages\/364","targetHints":{"allow":["GET"]}}],"collection":[{"href":"https:\/\/hotelamourparis.fr\/de\/wp-json\/wp\/v2\/pages"}],"about":[{"href":"https:\/\/hotelamourparis.fr\/de\/wp-json\/wp\/v2\/types\/page"}],"author":[{"embeddable":true,"href":"https:\/\/hotelamourparis.fr\/de\/wp-json\/wp\/v2\/users\/1"}],"replies":[{"embeddable":true,"href":"https:\/\/hotelamourparis.fr\/de\/wp-json\/wp\/v2\/comments?post=364"}],"version-history":[{"count":63,"href":"https:\/\/hotelamourparis.fr\/de\/wp-json\/wp\/v2\/pages\/364\/revisions"}],"predecessor-version":[{"id":4281,"href":"https:\/\/hotelamourparis.fr\/de\/wp-json\/wp\/v2\/pages\/364\/revisions\/4281"}],"wp:attachment":[{"href":"https:\/\/hotelamourparis.fr\/de\/wp-json\/wp\/v2\/media?parent=364"}],"curies":[{"name":"wp","href":"https:\/\/api.w.org\/{rel}","templated":true}]}}