{"id":1862,"date":"2025-05-05T12:45:28","date_gmt":"2025-05-05T10:45:28","guid":{"rendered":"https:\/\/hotelamourparis.fr\/?page_id=1862"},"modified":"2025-05-05T12:51:22","modified_gmt":"2025-05-05T10:51:22","slug":"le-duplex-604","status":"publish","type":"page","link":"https:\/\/hotelamourparis.fr\/de\/hotel-amour\/privatisation\/le-duplex-604\/","title":{"rendered":"Le Duplex 604"},"content":{"rendered":"","protected":false},"excerpt":{"rendered":"","protected":false},"author":2,"featured_media":1874,"parent":1809,"menu_order":3,"comment_status":"closed","ping_status":"closed","template":"page-home-restaurant.php","meta":{"_acf_changed":false,"inline_featured_image":false,"footnotes":""},"class_list":["post-1862","page","type-page","status-publish","has-post-thumbnail","hentry"],"acf":[],"yoast_head":"<!-- This site is optimized with the Yoast SEO plugin v25.3 - https:\/\/yoast.com\/wordpress\/plugins\/seo\/ -->\n<title>Le Duplex 604 - Amour H\u00f4tels<\/title>\n<meta name=\"description\" content=\"Le Duplex 604\" \/>\n<meta name=\"robots\" content=\"index, follow, max-snippet:-1, max-image-preview:large, max-video-preview:-1\" \/>\n<link rel=\"canonical\" href=\"https:\/\/hotelamourparis.fr\/de\/hotel-amour\/privatisation\/le-duplex-604\/\" \/>\n<meta property=\"og:locale\" content=\"de_DE\" \/>\n<meta property=\"og:type\" content=\"article\" \/>\n<meta property=\"og:title\" content=\"Le Duplex 604 - Amour H\u00f4tels\" \/>\n<meta property=\"og:description\" content=\"Le Duplex 604\" \/>\n<meta property=\"og:url\" content=\"https:\/\/hotelamourparis.fr\/de\/hotel-amour\/privatisation\/le-duplex-604\/\" \/>\n<meta property=\"og:site_name\" content=\"Amour H\u00f4tels\" \/>\n<meta property=\"article:modified_time\" content=\"2025-05-05T10:51:22+00:00\" \/>\n<meta property=\"og:image\" content=\"https:\/\/hotelamourparis.fr\/wp-content\/uploads\/2025\/05\/Duplex-noir-hotelamour-@pionstudio-9-1.jpg\" \/>\n\t<meta property=\"og:image:width\" content=\"1920\" \/>\n\t<meta property=\"og:image:height\" content=\"2560\" \/>\n\t<meta property=\"og:image:type\" content=\"image\/jpeg\" \/>\n<meta name=\"twitter:card\" content=\"summary_large_image\" \/>\n<meta name=\"twitter:label1\" content=\"Gesch\u00e4tzte Lesezeit\" \/>\n\t<meta name=\"twitter:data1\" content=\"1\u00a0Minute\" \/>\n<script type=\"application\/ld+json\" class=\"yoast-schema-graph\">{\"@context\":\"https:\/\/schema.org\",\"@graph\":[{\"@type\":\"WebPage\",\"@id\":\"https:\/\/hotelamourparis.fr\/hotel-amour\/privatisation\/le-duplex-604\/\",\"url\":\"https:\/\/hotelamourparis.fr\/hotel-amour\/privatisation\/le-duplex-604\/\",\"name\":\"Le Duplex 604 - Amour H\u00f4tels\",\"isPartOf\":{\"@id\":\"https:\/\/hotelamourparis.fr\/en\/#website\"},\"primaryImageOfPage\":{\"@id\":\"https:\/\/hotelamourparis.fr\/hotel-amour\/privatisation\/le-duplex-604\/#primaryimage\"},\"image\":{\"@id\":\"https:\/\/hotelamourparis.fr\/hotel-amour\/privatisation\/le-duplex-604\/#primaryimage\"},\"thumbnailUrl\":\"https:\/\/hotelamourparis.fr\/wp-content\/uploads\/2025\/05\/Duplex-noir-hotelamour-@pionstudio-9-1.jpg\",\"datePublished\":\"2025-05-05T10:45:28+00:00\",\"dateModified\":\"2025-05-05T10:51:22+00:00\",\"description\":\"Le Duplex 604\",\"breadcrumb\":{\"@id\":\"https:\/\/hotelamourparis.fr\/hotel-amour\/privatisation\/le-duplex-604\/#breadcrumb\"},\"inLanguage\":\"de\",\"potentialAction\":[{\"@type\":\"ReadAction\",\"target\":[\"https:\/\/hotelamourparis.fr\/hotel-amour\/privatisation\/le-duplex-604\/\"]}]},{\"@type\":\"ImageObject\",\"inLanguage\":\"de\",\"@id\":\"https:\/\/hotelamourparis.fr\/hotel-amour\/privatisation\/le-duplex-604\/#primaryimage\",\"url\":\"https:\/\/hotelamourparis.fr\/wp-content\/uploads\/2025\/05\/Duplex-noir-hotelamour-@pionstudio-9-1.jpg\",\"contentUrl\":\"https:\/\/hotelamourparis.fr\/wp-content\/uploads\/2025\/05\/Duplex-noir-hotelamour-@pionstudio-9-1.jpg\",\"width\":1920,\"height\":2560},{\"@type\":\"BreadcrumbList\",\"@id\":\"https:\/\/hotelamourparis.fr\/hotel-amour\/privatisation\/le-duplex-604\/#breadcrumb\",\"itemListElement\":[{\"@type\":\"ListItem\",\"position\":1,\"name\":\"Accueil\",\"item\":\"https:\/\/hotelamourparis.fr\/\"},{\"@type\":\"ListItem\",\"position\":2,\"name\":\"H\u00f4tel Amour Paris\",\"item\":\"https:\/\/hotelamourparis.fr\/hotel-amour\/\"},{\"@type\":\"ListItem\",\"position\":3,\"name\":\"Privatisation\",\"item\":\"https:\/\/hotelamourparis.fr\/hotel-amour\/privatisation\/\"},{\"@type\":\"ListItem\",\"position\":4,\"name\":\"Le Duplex 604\"}]},{\"@type\":\"WebSite\",\"@id\":\"https:\/\/hotelamourparis.fr\/en\/#website\",\"url\":\"https:\/\/hotelamourparis.fr\/en\/\",\"name\":\"Amour H\u00f4tels - H\u00f4tels \u00e0 Paris et Nice\",\"description\":\"\",\"publisher\":{\"@id\":\"https:\/\/hotelamourparis.fr\/en\/#organization\"},\"potentialAction\":[{\"@type\":\"SearchAction\",\"target\":{\"@type\":\"EntryPoint\",\"urlTemplate\":\"https:\/\/hotelamourparis.fr\/en\/?s={search_term_string}\"},\"query-input\":{\"@type\":\"PropertyValueSpecification\",\"valueRequired\":true,\"valueName\":\"search_term_string\"}}],\"inLanguage\":\"de\"},{\"@type\":\"Organization\",\"@id\":\"https:\/\/hotelamourparis.fr\/en\/#organization\",\"name\":\"Amour H\u00f4tels\",\"url\":\"https:\/\/hotelamourparis.fr\/en\/\",\"logo\":{\"@type\":\"ImageObject\",\"inLanguage\":\"de\",\"@id\":\"https:\/\/hotelamourparis.fr\/en\/#\/schema\/logo\/image\/\",\"url\":\"https:\/\/hotelamourparis.fr\/wp-content\/uploads\/2025\/01\/Logo-hotel-amour-1.svg\",\"contentUrl\":\"https:\/\/hotelamourparis.fr\/wp-content\/uploads\/2025\/01\/Logo-hotel-amour-1.svg\",\"width\":160,\"height\":112,\"caption\":\"Amour H\u00f4tels\"},\"image\":{\"@id\":\"https:\/\/hotelamourparis.fr\/en\/#\/schema\/logo\/image\/\"}}]}<\/script>\n<!-- \/ Yoast SEO plugin. -->","yoast_head_json":{"title":"Le Duplex 604 - Amour H\u00f4tels","description":"Le Duplex 604","robots":{"index":"index","follow":"follow","max-snippet":"max-snippet:-1","max-image-preview":"max-image-preview:large","max-video-preview":"max-video-preview:-1"},"canonical":"https:\/\/hotelamourparis.fr\/de\/hotel-amour\/privatisation\/le-duplex-604\/","og_locale":"de_DE","og_type":"article","og_title":"Le Duplex 604 - Amour H\u00f4tels","og_description":"Le Duplex 604","og_url":"https:\/\/hotelamourparis.fr\/de\/hotel-amour\/privatisation\/le-duplex-604\/","og_site_name":"Amour H\u00f4tels","article_modified_time":"2025-05-05T10:51:22+00:00","og_image":[{"width":1920,"height":2560,"url":"https:\/\/hotelamourparis.fr\/wp-content\/uploads\/2025\/05\/Duplex-noir-hotelamour-@pionstudio-9-1.jpg","type":"image\/jpeg"}],"twitter_card":"summary_large_image","twitter_misc":{"Gesch\u00e4tzte Lesezeit":"1\u00a0Minute"},"schema":{"@context":"https:\/\/schema.org","@graph":[{"@type":"WebPage","@id":"https:\/\/hotelamourparis.fr\/hotel-amour\/privatisation\/le-duplex-604\/","url":"https:\/\/hotelamourparis.fr\/hotel-amour\/privatisation\/le-duplex-604\/","name":"Le Duplex 604 - Amour H\u00f4tels","isPartOf":{"@id":"https:\/\/hotelamourparis.fr\/en\/#website"},"primaryImageOfPage":{"@id":"https:\/\/hotelamourparis.fr\/hotel-amour\/privatisation\/le-duplex-604\/#primaryimage"},"image":{"@id":"https:\/\/hotelamourparis.fr\/hotel-amour\/privatisation\/le-duplex-604\/#primaryimage"},"thumbnailUrl":"https:\/\/hotelamourparis.fr\/wp-content\/uploads\/2025\/05\/Duplex-noir-hotelamour-@pionstudio-9-1.jpg","datePublished":"2025-05-05T10:45:28+00:00","dateModified":"2025-05-05T10:51:22+00:00","description":"Le Duplex 604","breadcrumb":{"@id":"https:\/\/hotelamourparis.fr\/hotel-amour\/privatisation\/le-duplex-604\/#breadcrumb"},"inLanguage":"de","potentialAction":[{"@type":"ReadAction","target":["https:\/\/hotelamourparis.fr\/hotel-amour\/privatisation\/le-duplex-604\/"]}]},{"@type":"ImageObject","inLanguage":"de","@id":"https:\/\/hotelamourparis.fr\/hotel-amour\/privatisation\/le-duplex-604\/#primaryimage","url":"https:\/\/hotelamourparis.fr\/wp-content\/uploads\/2025\/05\/Duplex-noir-hotelamour-@pionstudio-9-1.jpg","contentUrl":"https:\/\/hotelamourparis.fr\/wp-content\/uploads\/2025\/05\/Duplex-noir-hotelamour-@pionstudio-9-1.jpg","width":1920,"height":2560},{"@type":"BreadcrumbList","@id":"https:\/\/hotelamourparis.fr\/hotel-amour\/privatisation\/le-duplex-604\/#breadcrumb","itemListElement":[{"@type":"ListItem","position":1,"name":"Accueil","item":"https:\/\/hotelamourparis.fr\/"},{"@type":"ListItem","position":2,"name":"H\u00f4tel Amour Paris","item":"https:\/\/hotelamourparis.fr\/hotel-amour\/"},{"@type":"ListItem","position":3,"name":"Privatisation","item":"https:\/\/hotelamourparis.fr\/hotel-amour\/privatisation\/"},{"@type":"ListItem","position":4,"name":"Le Duplex 604"}]},{"@type":"WebSite","@id":"https:\/\/hotelamourparis.fr\/en\/#website","url":"https:\/\/hotelamourparis.fr\/en\/","name":"Amour H\u00f4tels - H\u00f4tels \u00e0 Paris et Nice","description":"","publisher":{"@id":"https:\/\/hotelamourparis.fr\/en\/#organization"},"potentialAction":[{"@type":"SearchAction","target":{"@type":"EntryPoint","urlTemplate":"https:\/\/hotelamourparis.fr\/en\/?s={search_term_string}"},"query-input":{"@type":"PropertyValueSpecification","valueRequired":true,"valueName":"search_term_string"}}],"inLanguage":"de"},{"@type":"Organization","@id":"https:\/\/hotelamourparis.fr\/en\/#organization","name":"Amour H\u00f4tels","url":"https:\/\/hotelamourparis.fr\/en\/","logo":{"@type":"ImageObject","inLanguage":"de","@id":"https:\/\/hotelamourparis.fr\/en\/#\/schema\/logo\/image\/","url":"https:\/\/hotelamourparis.fr\/wp-content\/uploads\/2025\/01\/Logo-hotel-amour-1.svg","contentUrl":"https:\/\/hotelamourparis.fr\/wp-content\/uploads\/2025\/01\/Logo-hotel-amour-1.svg","width":160,"height":112,"caption":"Amour H\u00f4tels"},"image":{"@id":"https:\/\/hotelamourparis.fr\/en\/#\/schema\/logo\/image\/"}}]}},"_links":{"self":[{"href":"https:\/\/hotelamourparis.fr\/de\/wp-json\/wp\/v2\/pages\/1862","targetHints":{"allow":["GET"]}}],"collection":[{"href":"https:\/\/hotelamourparis.fr\/de\/wp-json\/wp\/v2\/pages"}],"about":[{"href":"https:\/\/hotelamourparis.fr\/de\/wp-json\/wp\/v2\/types\/page"}],"author":[{"embeddable":true,"href":"https:\/\/hotelamourparis.fr\/de\/wp-json\/wp\/v2\/users\/2"}],"replies":[{"embeddable":true,"href":"https:\/\/hotelamourparis.fr\/de\/wp-json\/wp\/v2\/comments?post=1862"}],"version-history":[{"count":3,"href":"https:\/\/hotelamourparis.fr\/de\/wp-json\/wp\/v2\/pages\/1862\/revisions"}],"predecessor-version":[{"id":1887,"href":"https:\/\/hotelamourparis.fr\/de\/wp-json\/wp\/v2\/pages\/1862\/revisions\/1887"}],"up":[{"embeddable":true,"href":"https:\/\/hotelamourparis.fr\/de\/wp-json\/wp\/v2\/pages\/1809"}],"wp:featuredmedia":[{"embeddable":true,"href":"https:\/\/hotelamourparis.fr\/de\/wp-json\/wp\/v2\/media\/1874"}],"wp:attachment":[{"href":"https:\/\/hotelamourparis.fr\/de\/wp-json\/wp\/v2\/media?parent=1862"}],"curies":[{"name":"wp","href":"https:\/\/api.w.org\/{rel}","templated":true}]}}